{"id":1142,"date":"2025-02-15T04:08:07","date_gmt":"2025-02-15T03:08:07","guid":{"rendered":"https:\/\/ceramany3693.live-website.com\/imprint\/"},"modified":"2025-09-16T13:05:06","modified_gmt":"2025-09-16T11:05:06","slug":"imprint","status":"publish","type":"page","link":"https:\/\/ceramany.com\/en\/imprint\/","title":{"rendered":"Imprint"},"content":{"rendered":"\t\t<div data-elementor-type=\"wp-page\" data-elementor-id=\"1142\" class=\"elementor elementor-1142 elementor-343\" data-elementor-post-type=\"page\">\n\t\t\t\t<div class=\"elementor-element elementor-element-d66d1c4 e-flex e-con-boxed e-con e-parent\" data-id=\"d66d1c4\" data-element_type=\"container\" data-e-type=\"container\" data-settings=\"{&quot;background_background&quot;:&quot;classic&quot;}\">\n\t\t\t\t\t<div class=\"e-con-inner\">\n\t\t\t\t<div class=\"elementor-element elementor-element-926b9d1 elementor-widget elementor-widget-heading\" data-id=\"926b9d1\" data-element_type=\"widget\" data-e-type=\"widget\" data-widget_type=\"heading.default\">\n\t\t\t\t<div class=\"elementor-widget-container\">\n\t\t\t\t\t<h1 class=\"elementor-heading-title elementor-size-default\">Imprint<\/h1>\t\t\t\t<\/div>\n\t\t\t\t<\/div>\n\t\t\t\t\t<\/div>\n\t\t\t\t<\/div>\n\t\t<div class=\"elementor-element elementor-element-5503e12 e-flex e-con-boxed e-con e-parent\" data-id=\"5503e12\" data-element_type=\"container\" data-e-type=\"container\">\n\t\t\t\t\t<div class=\"e-con-inner\">\n\t\t\t\t<div class=\"elementor-element elementor-element-c84c34e elementor-widget elementor-widget-text-editor\" data-id=\"c84c34e\" data-element_type=\"widget\" data-e-type=\"widget\" data-widget_type=\"text-editor.default\">\n\t\t\t\t<div class=\"elementor-widget-container\">\n\t\t\t\t\t\t\t\t\t<div class=\"ce_leadertext version2 align-center block\">\n<div class=\"ce_text_extented mt-xl mb-xxs mt-xl-m block align-center color-default font_no_serif font-size-xs font-style-default lh-default font-weight-default\">\n<h4><strong>Information according to \u00a7 5 TMG<\/strong><\/h4>\n<\/div>\n<h4>&#8211;<\/h4>\n<h4><strong>Represented by:<\/strong><\/h4>\n<p>Stefan Drude, General Manager and Marcus Keulen, General Manager<\/p>\n<p>Phone <a href=\"tel:+49%202373%209819700\">+49 2373 9819700<\/a><\/p>\n<p><a href=\"https:\/\/ceramany.com\/en\/\">www.ceramany.com<\/a><\/p>\n<p>VAT number: DE327783014<\/p>\n<p>&#8211;<\/p>\n<h4><strong>Kontakt<\/strong><\/h4>\n<p><a href=\"mailto:info@ceramany.com\">Email: info@ceramany.com<\/a><\/p>\n<p>&#8211;<\/p>\n<h4>VAT ID number<\/h4>\n<p>Value added tax identification number in accordance with \u00a7 27 a of the Value Added Tax Act: DE327783014<\/p>\n<p>&#8211;<\/p>\n<h4><strong>EU dispute resolution<\/strong><\/h4>\n<p>The European Commission provides a platform for online dispute resolution (OS): <a href=\"https:\/\/ec.europa.eu\/info\/policies\/consumers_de\" rel=\"noopener\">https:\/\/ec.europa.eu\/info\/policies\/consumers_de<br><\/a>&#8211;<\/p>\n<h4>Consumer dispute resolution\/universal arbitration board<\/h4>\n<p><a href=\"https:\/\/www.verbraucher-schlichter.de\" rel=\"noopener\">We participate in dispute resolution proceedings before a consumer arbitration board. The universal arbitration board of the Zentrum f\u00fcr Schlichtung e.V., Stra\u00dfburger Stra\u00dfe 8, 77694 Kehl am Rhein (https:\/\/www.verbraucher-schlichter.de) is responsible.<\/a> <\/p>\n<p>&#8211;<\/p>\n<\/div>\n<div class=\"ce_leadertext mt-0 mt-0-m version2 align-center block\">\n<div class=\"subheadline\"> <\/div>\n<h4><strong>Links<\/strong><\/h4>\n<p>Despite careful control of the content, we assume no liability for the content of external links. We hereby expressly declare that at the time the links were created, no illegal content was recognizable on the linked pages. We have no influence whatsoever on the current and future design, content or authorship of the linked pages. We therefore expressly distance ourselves from all contents of all linked addresses on this website and do not adopt their contents as our own. This declaration applies to all links existing on this website. <\/p>\n<p>&#8211;<\/p>\n<h4><strong>Liability<\/strong><\/h4>\n<p>We assume no liability for the topicality, correctness, completeness or quality of the information provided. Liability claims against us relating to material or immaterial damage caused by the use or non-use of the information provided or by the use of incorrect or incomplete information are fundamentally excluded, unless there is evidence of wilful intent or gross negligence on our part. We expressly reserve the right to change, supplement or delete parts of the pages or the entire offer without prior notice or to cease publication temporarily or permanently.  <\/p>\n<\/div>\n<p><strong><a href=\"https:\/\/ceramany.com\/en\/data-protection\/\">Data protection<\/a><\/strong><\/p>\n\t\t\t\t\t\t\t\t<\/div>\n\t\t\t\t<\/div>\n\t\t\t\t\t<\/div>\n\t\t\t\t<\/div>\n\t\t\t\t<\/div>\n\t\t","protected":false},"excerpt":{"rendered":"<p>Imprint Information according to \u00a7 5 TMG &#8211; Represented by: Stefan Drude, General Manager and Marcus Keulen, General Manager Phone +49 2373 9819700 www.ceramany.com VAT number: DE327783014 &#8211; Kontakt Email: info@ceramany.com &#8211; VAT ID number Value added tax identification number in accordance with \u00a7 27 a of the Value Added Tax Act: DE327783014 &#8211; EU [&hellip;]<\/p>\n","protected":false},"author":1,"featured_media":0,"parent":0,"menu_order":0,"comment_status":"closed","ping_status":"closed","template":"elementor_header_footer","meta":{"footnotes":""},"class_list":["post-1142","page","type-page","status-publish","hentry"],"_links":{"self":[{"href":"https:\/\/ceramany.com\/en\/wp-json\/wp\/v2\/pages\/1142","targetHints":{"allow":["GET"]}}],"collection":[{"href":"https:\/\/ceramany.com\/en\/wp-json\/wp\/v2\/pages"}],"about":[{"href":"https:\/\/ceramany.com\/en\/wp-json\/wp\/v2\/types\/page"}],"author":[{"embeddable":true,"href":"https:\/\/ceramany.com\/en\/wp-json\/wp\/v2\/users\/1"}],"replies":[{"embeddable":true,"href":"https:\/\/ceramany.com\/en\/wp-json\/wp\/v2\/comments?post=1142"}],"version-history":[{"count":1,"href":"https:\/\/ceramany.com\/en\/wp-json\/wp\/v2\/pages\/1142\/revisions"}],"predecessor-version":[{"id":1143,"href":"https:\/\/ceramany.com\/en\/wp-json\/wp\/v2\/pages\/1142\/revisions\/1143"}],"wp:attachment":[{"href":"https:\/\/ceramany.com\/en\/wp-json\/wp\/v2\/media?parent=1142"}],"curies":[{"name":"wp","href":"https:\/\/api.w.org\/{rel}","templated":true}]}}